{"id":19,"date":"2023-06-26T13:12:00","date_gmt":"2023-06-26T11:12:00","guid":{"rendered":"https:\/\/chateau-guillermo.com\/?page_id=19"},"modified":"2026-05-12T08:45:14","modified_gmt":"2026-05-12T06:45:14","slug":"blog","status":"publish","type":"page","link":"https:\/\/chateau-guillermo.com\/fr\/blog\/","title":{"rendered":"Blog"},"content":{"rendered":"<div data-elementor-type=\"wp-page\" data-elementor-id=\"19\" class=\"elementor elementor-19\" data-elementor-post-type=\"page\">\n\t\t\t\t<div class=\"elementor-element elementor-element-c647f29 e-flex e-con-boxed e-con e-parent\" data-id=\"c647f29\" data-element_type=\"container\" data-e-type=\"container\" data-settings=\"{&quot;background_background&quot;:&quot;classic&quot;}\">\n\t\t\t\t\t<div class=\"e-con-inner\">\n\t\t\t\t<div class=\"elementor-element elementor-element-0913372 elementor-align-center elementor-widget elementor-widget-button\" data-id=\"0913372\" data-element_type=\"widget\" data-e-type=\"widget\" data-widget_type=\"button.default\">\n\t\t\t\t<div class=\"elementor-widget-container\">\n\t\t\t\t\t\t\t\t\t<div class=\"elementor-button-wrapper\">\n\t\t\t\t\t<a class=\"elementor-button elementor-button-link elementor-size-sm\" href=\"https:\/\/chateau-guillermo.com\/fr\/boeken\/\">\n\t\t\t\t\t\t<span class=\"elementor-button-content-wrapper\">\n\t\t\t\t\t\t\t\t\t<span class=\"elementor-button-text\">Voir disponibilit\u00e9s<\/span>\n\t\t\t\t\t<\/span>\n\t\t\t\t\t<\/a>\n\t\t\t\t<\/div>\n\t\t\t\t\t\t\t\t<\/div>\n\t\t\t\t<\/div>\n\t\t\t\t\t<\/div>\n\t\t\t\t<\/div>\n\t\t<div class=\"elementor-element elementor-element-d2e6c90 e-flex e-con-boxed e-con e-parent\" data-id=\"d2e6c90\" data-element_type=\"container\" data-e-type=\"container\">\n\t\t\t\t\t<div class=\"e-con-inner\">\n\t\t\t\t<div class=\"elementor-element elementor-element-acdb0a4 elementor-widget elementor-widget-heading\" data-id=\"acdb0a4\" data-element_type=\"widget\" data-e-type=\"widget\" data-widget_type=\"heading.default\">\n\t\t\t\t<div class=\"elementor-widget-container\">\n\t\t\t\t\t<h1 class=\"elementor-heading-title elementor-size-default\">BLOG<\/h1>\t\t\t\t<\/div>\n\t\t\t\t<\/div>\n\t\t\t\t<div class=\"elementor-element elementor-element-87ebb38 elementor-grid-3 elementor-grid-tablet-2 elementor-grid-mobile-1 elementor-posts--thumbnail-top elementor-widget elementor-widget-posts\" data-id=\"87ebb38\" data-element_type=\"widget\" data-e-type=\"widget\" data-settings=\"{&quot;classic_columns&quot;:&quot;3&quot;,&quot;classic_columns_tablet&quot;:&quot;2&quot;,&quot;classic_columns_mobile&quot;:&quot;1&quot;,&quot;classic_row_gap&quot;:{&quot;unit&quot;:&quot;px&quot;,&quot;size&quot;:35,&quot;sizes&quot;:[]},&quot;classic_row_gap_tablet&quot;:{&quot;unit&quot;:&quot;px&quot;,&quot;size&quot;:&quot;&quot;,&quot;sizes&quot;:[]},&quot;classic_row_gap_mobile&quot;:{&quot;unit&quot;:&quot;px&quot;,&quot;size&quot;:&quot;&quot;,&quot;sizes&quot;:[]}}\" data-widget_type=\"posts.classic\">\n\t\t\t\t<div class=\"elementor-widget-container\">\n\t\t\t\t\t\t\t<div class=\"elementor-posts-container elementor-posts elementor-posts--skin-classic elementor-grid\" role=\"list\">\n\t\t\t\t<article class=\"elementor-post elementor-grid-item post-2148 post type-post status-publish format-standard has-post-thumbnail hentry category-uncategorized\" role=\"listitem\">\n\t\t\t\t<a class=\"elementor-post__thumbnail__link\" href=\"https:\/\/chateau-guillermo.com\/fr\/lente-in-de-ardennen-jouw-perfecte-chateau-getaway-nabij-sedan\/\" tabindex=\"-1\" >\n\t\t\t<div class=\"elementor-post__thumbnail\"><img fetchpriority=\"high\" decoding=\"async\" width=\"2560\" height=\"1707\" src=\"https:\/\/chateau-guillermo.com\/wp-content\/uploads\/2026\/02\/DSCF4806-scaled.jpg\" class=\"attachment-full size-full wp-image-2149\" alt=\"Stone dog statue in the garden of Ch\u00e2teau Guillermo with bright pink flowers and green wooden door in the background.\" srcset=\"https:\/\/chateau-guillermo.com\/wp-content\/uploads\/2026\/02\/DSCF4806-scaled.jpg 2560w, https:\/\/chateau-guillermo.com\/wp-content\/uploads\/2026\/02\/DSCF4806-300x200.jpg 300w, https:\/\/chateau-guillermo.com\/wp-content\/uploads\/2026\/02\/DSCF4806-1024x683.jpg 1024w, https:\/\/chateau-guillermo.com\/wp-content\/uploads\/2026\/02\/DSCF4806-768x512.jpg 768w, https:\/\/chateau-guillermo.com\/wp-content\/uploads\/2026\/02\/DSCF4806-1536x1024.jpg 1536w, https:\/\/chateau-guillermo.com\/wp-content\/uploads\/2026\/02\/DSCF4806-2048x1365.jpg 2048w, https:\/\/chateau-guillermo.com\/wp-content\/uploads\/2026\/02\/DSCF4806-18x12.jpg 18w\" sizes=\"(max-width: 2560px) 100vw, 2560px\" \/><\/div>\n\t\t<\/a>\n\t\t\t\t<div class=\"elementor-post__text\">\n\t\t\t\t<h3 class=\"elementor-post__title\">\n\t\t\t<a href=\"https:\/\/chateau-guillermo.com\/fr\/lente-in-de-ardennen-jouw-perfecte-chateau-getaway-nabij-sedan\/\" >\n\t\t\t\tPrintemps dans les Ardennes : Votre \u00c9vasion Ch\u00e2teau Pr\u00e8s de Sedan\t\t\t<\/a>\n\t\t<\/h3>\n\t\t\t\t<div class=\"elementor-post__excerpt\">\n\t\t\t<p>Er is iets onweerstaanbaar magisch aan de lente in de Franse Ardennen. Bloesems omlijsten middeleeuwse torens. Bospaden kleuren frisgroen. De oevers van de Maas glinsteren<\/p>\n\t\t<\/div>\n\t\t\n\t\t<a class=\"elementor-post__read-more\" href=\"https:\/\/chateau-guillermo.com\/fr\/lente-in-de-ardennen-jouw-perfecte-chateau-getaway-nabij-sedan\/\" aria-label=\"En savoir plus sur Lente in de Ardennen: Jouw Perfecte Ch\u00e2teau-Getaway nabij Sedan\" tabindex=\"-1\" >\n\t\t\tLees mee\t\t<\/a>\n\n\t\t\t\t<\/div>\n\t\t\t\t<\/article>\n\t\t\t\t<article class=\"elementor-post elementor-grid-item post-2128 post type-post status-publish format-standard has-post-thumbnail hentry category-uncategorized\" role=\"listitem\">\n\t\t\t\t<a class=\"elementor-post__thumbnail__link\" href=\"https:\/\/chateau-guillermo.com\/fr\/winterverblijf-ardennen-de-beste-outdooravonturen-voor-families-deze-winter\/\" tabindex=\"-1\" >\n\t\t\t<div class=\"elementor-post__thumbnail\"><img decoding=\"async\" width=\"2560\" height=\"1440\" src=\"https:\/\/chateau-guillermo.com\/wp-content\/uploads\/2025\/12\/kasteel-huren-te-huur-grote-groepen-vakantiewoningweekendverblijf-ardenne-vakantieverblijf-familie-grote-groep-min-scaled.jpg\" class=\"attachment-full size-full wp-image-2129\" alt=\"Ch\u00e2teau Guillermo in de Ardennen, omringd door besneeuwde bomen en een rustige wintertuin, gezien vanop de voorzijde.\" srcset=\"https:\/\/chateau-guillermo.com\/wp-content\/uploads\/2025\/12\/kasteel-huren-te-huur-grote-groepen-vakantiewoningweekendverblijf-ardenne-vakantieverblijf-familie-grote-groep-min-scaled.jpg 2560w, https:\/\/chateau-guillermo.com\/wp-content\/uploads\/2025\/12\/kasteel-huren-te-huur-grote-groepen-vakantiewoningweekendverblijf-ardenne-vakantieverblijf-familie-grote-groep-min-300x169.jpg 300w, https:\/\/chateau-guillermo.com\/wp-content\/uploads\/2025\/12\/kasteel-huren-te-huur-grote-groepen-vakantiewoningweekendverblijf-ardenne-vakantieverblijf-familie-grote-groep-min-1024x576.jpg 1024w, https:\/\/chateau-guillermo.com\/wp-content\/uploads\/2025\/12\/kasteel-huren-te-huur-grote-groepen-vakantiewoningweekendverblijf-ardenne-vakantieverblijf-familie-grote-groep-min-768x432.jpg 768w, https:\/\/chateau-guillermo.com\/wp-content\/uploads\/2025\/12\/kasteel-huren-te-huur-grote-groepen-vakantiewoningweekendverblijf-ardenne-vakantieverblijf-familie-grote-groep-min-1536x864.jpg 1536w, https:\/\/chateau-guillermo.com\/wp-content\/uploads\/2025\/12\/kasteel-huren-te-huur-grote-groepen-vakantiewoningweekendverblijf-ardenne-vakantieverblijf-familie-grote-groep-min-2048x1152.jpg 2048w, https:\/\/chateau-guillermo.com\/wp-content\/uploads\/2025\/12\/kasteel-huren-te-huur-grote-groepen-vakantiewoningweekendverblijf-ardenne-vakantieverblijf-familie-grote-groep-min-18x10.jpg 18w\" sizes=\"(max-width: 2560px) 100vw, 2560px\" \/><\/div>\n\t\t<\/a>\n\t\t\t\t<div class=\"elementor-post__text\">\n\t\t\t\t<h3 class=\"elementor-post__title\">\n\t\t\t<a href=\"https:\/\/chateau-guillermo.com\/fr\/winterverblijf-ardennen-de-beste-outdooravonturen-voor-families-deze-winter\/\" >\n\t\t\t\tS\u00e9jour d\u2019Hiver dans les Ardennes : Les Meilleures Aventures en Plein Air pour les Familles\t\t\t<\/a>\n\t\t<\/h3>\n\t\t\t\t<div class=\"elementor-post__excerpt\">\n\t\t\t<p>Wanneer de winter over de Ardennen valt, gebeurt er iets magisch. De bossen worden stil, de paden glinsteren van de rijp en gezinnen die op<\/p>\n\t\t<\/div>\n\t\t\n\t\t<a class=\"elementor-post__read-more\" href=\"https:\/\/chateau-guillermo.com\/fr\/winterverblijf-ardennen-de-beste-outdooravonturen-voor-families-deze-winter\/\" aria-label=\"En savoir plus sur Winterverblijf Ardennen: De Beste Outdooravonturen voor Families Deze Winter\" tabindex=\"-1\" >\n\t\t\tLees mee\t\t<\/a>\n\n\t\t\t\t<\/div>\n\t\t\t\t<\/article>\n\t\t\t\t<article class=\"elementor-post elementor-grid-item post-2105 post type-post status-publish format-standard has-post-thumbnail hentry category-uncategorized\" role=\"listitem\">\n\t\t\t\t<a class=\"elementor-post__thumbnail__link\" href=\"https:\/\/chateau-guillermo.com\/fr\/halloween-kasteelverblijf-belgie-een-maand-vol-mysterie-bij-chateau-guillermo\/\" tabindex=\"-1\" >\n\t\t\t<div class=\"elementor-post__thumbnail\"><img decoding=\"async\" width=\"2560\" height=\"1707\" src=\"https:\/\/chateau-guillermo.com\/wp-content\/uploads\/2025\/10\/IMG_0069-scaled.jpg\" class=\"attachment-full size-full wp-image-2106\" alt=\"Een groep vrienden viert Halloween in een sfeervolle kasteelkamer. Ze lachen en poseren samen, sommigen in kostuum \u2014 \u00e9\u00e9n persoon draagt een kleurrijk clownspak met griezelige schmink, anderen hebben bontjassen, kronen of feestelijke accessoires aan. De warme verlichting en open ramen geven het moment een gezellige en spontane sfeer.\" srcset=\"https:\/\/chateau-guillermo.com\/wp-content\/uploads\/2025\/10\/IMG_0069-scaled.jpg 2560w, https:\/\/chateau-guillermo.com\/wp-content\/uploads\/2025\/10\/IMG_0069-300x200.jpg 300w, https:\/\/chateau-guillermo.com\/wp-content\/uploads\/2025\/10\/IMG_0069-1024x683.jpg 1024w, https:\/\/chateau-guillermo.com\/wp-content\/uploads\/2025\/10\/IMG_0069-768x512.jpg 768w, https:\/\/chateau-guillermo.com\/wp-content\/uploads\/2025\/10\/IMG_0069-1536x1024.jpg 1536w, https:\/\/chateau-guillermo.com\/wp-content\/uploads\/2025\/10\/IMG_0069-2048x1365.jpg 2048w, https:\/\/chateau-guillermo.com\/wp-content\/uploads\/2025\/10\/IMG_0069-18x12.jpg 18w\" sizes=\"(max-width: 2560px) 100vw, 2560px\" \/><\/div>\n\t\t<\/a>\n\t\t\t\t<div class=\"elementor-post__text\">\n\t\t\t\t<h3 class=\"elementor-post__title\">\n\t\t\t<a href=\"https:\/\/chateau-guillermo.com\/fr\/halloween-kasteelverblijf-belgie-een-maand-vol-mysterie-bij-chateau-guillermo\/\" >\n\t\t\t\tS\u00e9jour Halloween au Ch\u00e2teau: Un Mois de Myst\u00e8re \u00e0 Ch\u00e2teau Guillermo\t\t\t<\/a>\n\t\t<\/h3>\n\t\t\t\t<div class=\"elementor-post__excerpt\">\n\t\t\t<p>Stap binnen in een wereld waar kaarslicht danst over stenen muren, schaduwen fluisteren in oude gangen en geschiedenis tot leven lijkt te komen\u2026 Deze november<\/p>\n\t\t<\/div>\n\t\t\n\t\t<a class=\"elementor-post__read-more\" href=\"https:\/\/chateau-guillermo.com\/fr\/halloween-kasteelverblijf-belgie-een-maand-vol-mysterie-bij-chateau-guillermo\/\" aria-label=\"En savoir plus sur Halloween Kasteelverblijf Belgi\u00eb: Een Maand vol Mysterie bij Ch\u00e2teau Guillermo\" tabindex=\"-1\" >\n\t\t\tLees mee\t\t<\/a>\n\n\t\t\t\t<\/div>\n\t\t\t\t<\/article>\n\t\t\t\t<article class=\"elementor-post elementor-grid-item post-2087 post type-post status-publish format-standard has-post-thumbnail hentry category-uncategorized\" role=\"listitem\">\n\t\t\t\t<a class=\"elementor-post__thumbnail__link\" href=\"https:\/\/chateau-guillermo.com\/fr\/de-beste-verborgen-parels-van-noord-frankrijk-voor-een-unieke-vakantie\/\" tabindex=\"-1\" >\n\t\t\t<div class=\"elementor-post__thumbnail\"><img loading=\"lazy\" decoding=\"async\" width=\"2560\" height=\"1707\" src=\"https:\/\/chateau-guillermo.com\/wp-content\/uploads\/2025\/10\/assouline-jan21-10-eric-martin-scaled.webp\" class=\"attachment-full size-full wp-image-2073\" alt=\"\" srcset=\"https:\/\/chateau-guillermo.com\/wp-content\/uploads\/2025\/10\/assouline-jan21-10-eric-martin-scaled.webp 2560w, https:\/\/chateau-guillermo.com\/wp-content\/uploads\/2025\/10\/assouline-jan21-10-eric-martin-300x200.webp 300w, https:\/\/chateau-guillermo.com\/wp-content\/uploads\/2025\/10\/assouline-jan21-10-eric-martin-1024x683.webp 1024w, https:\/\/chateau-guillermo.com\/wp-content\/uploads\/2025\/10\/assouline-jan21-10-eric-martin-768x512.webp 768w, https:\/\/chateau-guillermo.com\/wp-content\/uploads\/2025\/10\/assouline-jan21-10-eric-martin-1536x1024.webp 1536w, https:\/\/chateau-guillermo.com\/wp-content\/uploads\/2025\/10\/assouline-jan21-10-eric-martin-2048x1365.webp 2048w, https:\/\/chateau-guillermo.com\/wp-content\/uploads\/2025\/10\/assouline-jan21-10-eric-martin-18x12.webp 18w\" sizes=\"(max-width: 2560px) 100vw, 2560px\" \/><\/div>\n\t\t<\/a>\n\t\t\t\t<div class=\"elementor-post__text\">\n\t\t\t\t<h3 class=\"elementor-post__title\">\n\t\t\t<a href=\"https:\/\/chateau-guillermo.com\/fr\/de-beste-verborgen-parels-van-noord-frankrijk-voor-een-unieke-vakantie\/\" >\n\t\t\t\tLes Meilleurs Tr\u00e9sors Cach\u00e9s du Nord de la France pour des Vacances Uniques\t\t\t<\/a>\n\t\t<\/h3>\n\t\t\t\t<div class=\"elementor-post__excerpt\">\n\t\t\t<p>Wanneer je aan Frankrijk denkt, verschijnt waarschijnlijk de Eiffeltoren, de lavendelvelden van de Provence of de chique straten van Parijs voor je ogen. Maar voor<\/p>\n\t\t<\/div>\n\t\t\n\t\t<a class=\"elementor-post__read-more\" href=\"https:\/\/chateau-guillermo.com\/fr\/de-beste-verborgen-parels-van-noord-frankrijk-voor-een-unieke-vakantie\/\" aria-label=\"En savoir plus sur De Beste Verborgen Parels van Noord-Frankrijk voor een Unieke Vakantie\" tabindex=\"-1\" >\n\t\t\tLees mee\t\t<\/a>\n\n\t\t\t\t<\/div>\n\t\t\t\t<\/article>\n\t\t\t\t<article class=\"elementor-post elementor-grid-item post-2082 post type-post status-publish format-standard has-post-thumbnail hentry category-uncategorized\" role=\"listitem\">\n\t\t\t\t<a class=\"elementor-post__thumbnail__link\" href=\"https:\/\/chateau-guillermo.com\/fr\/5-redenen-om-de-franse-ardennen-in-de-herfst-te-bezoeken\/\" tabindex=\"-1\" >\n\t\t\t<div class=\"elementor-post__thumbnail\"><img loading=\"lazy\" decoding=\"async\" width=\"2560\" height=\"1866\" src=\"https:\/\/chateau-guillermo.com\/wp-content\/uploads\/2023\/06\/paardrijden-weekendverblijf-ardenne-vakantieverblijf-familie-grote-groep-kasteel-huren-uniek-castle-rent-37-min-2-scaled.jpg\" class=\"attachment-full size-full wp-image-210\" alt=\"\" srcset=\"https:\/\/chateau-guillermo.com\/wp-content\/uploads\/2023\/06\/paardrijden-weekendverblijf-ardenne-vakantieverblijf-familie-grote-groep-kasteel-huren-uniek-castle-rent-37-min-2-scaled.jpg 2560w, https:\/\/chateau-guillermo.com\/wp-content\/uploads\/2023\/06\/paardrijden-weekendverblijf-ardenne-vakantieverblijf-familie-grote-groep-kasteel-huren-uniek-castle-rent-37-min-2-300x219.jpg 300w, https:\/\/chateau-guillermo.com\/wp-content\/uploads\/2023\/06\/paardrijden-weekendverblijf-ardenne-vakantieverblijf-familie-grote-groep-kasteel-huren-uniek-castle-rent-37-min-2-1024x747.jpg 1024w, https:\/\/chateau-guillermo.com\/wp-content\/uploads\/2023\/06\/paardrijden-weekendverblijf-ardenne-vakantieverblijf-familie-grote-groep-kasteel-huren-uniek-castle-rent-37-min-2-768x560.jpg 768w, https:\/\/chateau-guillermo.com\/wp-content\/uploads\/2023\/06\/paardrijden-weekendverblijf-ardenne-vakantieverblijf-familie-grote-groep-kasteel-huren-uniek-castle-rent-37-min-2-1536x1120.jpg 1536w, https:\/\/chateau-guillermo.com\/wp-content\/uploads\/2023\/06\/paardrijden-weekendverblijf-ardenne-vakantieverblijf-familie-grote-groep-kasteel-huren-uniek-castle-rent-37-min-2-2048x1493.jpg 2048w\" sizes=\"(max-width: 2560px) 100vw, 2560px\" \/><\/div>\n\t\t<\/a>\n\t\t\t\t<div class=\"elementor-post__text\">\n\t\t\t\t<h3 class=\"elementor-post__title\">\n\t\t\t<a href=\"https:\/\/chateau-guillermo.com\/fr\/5-redenen-om-de-franse-ardennen-in-de-herfst-te-bezoeken\/\" >\n\t\t\t\t5 Raisons de Visiter les Ardennes Fran\u00e7aises en Automne\t\t\t<\/a>\n\t\t<\/h3>\n\t\t\t\t<div class=\"elementor-post__excerpt\">\n\t\t\t<p>Wanneer de herfst neerdaalt over de Franse Ardennen, komt het woud tot leven op een manier die geen enkel ander seizoen kan evenaren. De heuvels<\/p>\n\t\t<\/div>\n\t\t\n\t\t<a class=\"elementor-post__read-more\" href=\"https:\/\/chateau-guillermo.com\/fr\/5-redenen-om-de-franse-ardennen-in-de-herfst-te-bezoeken\/\" aria-label=\"En savoir plus sur 5 Redenen om de Franse Ardennen in de Herfst te Bezoeken\" tabindex=\"-1\" >\n\t\t\tLees mee\t\t<\/a>\n\n\t\t\t\t<\/div>\n\t\t\t\t<\/article>\n\t\t\t\t<article class=\"elementor-post elementor-grid-item post-2066 post type-post status-publish format-standard has-post-thumbnail hentry category-uncategorized\" role=\"listitem\">\n\t\t\t\t<a class=\"elementor-post__thumbnail__link\" href=\"https:\/\/chateau-guillermo.com\/fr\/familiebijeenkomst-in-frankrijk-beste-locaties-tips\/\" tabindex=\"-1\" >\n\t\t\t<div class=\"elementor-post__thumbnail\"><img loading=\"lazy\" decoding=\"async\" width=\"2560\" height=\"1707\" src=\"https:\/\/chateau-guillermo.com\/wp-content\/uploads\/2025\/10\/DSCF4528-scaled.jpg\" class=\"attachment-full size-full wp-image-2067\" alt=\"Houten tuinmeubelen met drankjes en hapjes op een klein tafeltje in de zon, opgesteld op een groene grasmat bij een stenen muur.\" srcset=\"https:\/\/chateau-guillermo.com\/wp-content\/uploads\/2025\/10\/DSCF4528-scaled.jpg 2560w, https:\/\/chateau-guillermo.com\/wp-content\/uploads\/2025\/10\/DSCF4528-300x200.jpg 300w, https:\/\/chateau-guillermo.com\/wp-content\/uploads\/2025\/10\/DSCF4528-1024x683.jpg 1024w, https:\/\/chateau-guillermo.com\/wp-content\/uploads\/2025\/10\/DSCF4528-768x512.jpg 768w, https:\/\/chateau-guillermo.com\/wp-content\/uploads\/2025\/10\/DSCF4528-1536x1024.jpg 1536w, https:\/\/chateau-guillermo.com\/wp-content\/uploads\/2025\/10\/DSCF4528-2048x1365.jpg 2048w, https:\/\/chateau-guillermo.com\/wp-content\/uploads\/2025\/10\/DSCF4528-18x12.jpg 18w\" sizes=\"(max-width: 2560px) 100vw, 2560px\" \/><\/div>\n\t\t<\/a>\n\t\t\t\t<div class=\"elementor-post__text\">\n\t\t\t\t<h3 class=\"elementor-post__title\">\n\t\t\t<a href=\"https:\/\/chateau-guillermo.com\/fr\/familiebijeenkomst-in-frankrijk-beste-locaties-tips\/\" >\n\t\t\t\tR\u00e9union de Famille en France : Meilleurs Endroits &amp; Conseils\t\t\t<\/a>\n\t\t<\/h3>\n\t\t\t\t<div class=\"elementor-post__excerpt\">\n\t\t\t<p>Want bijpraten met familie verdient meer dan alleen een groepschat. Een familiebijeenkomst plannen? Waarom er geen once-in-a-lifetime ervaring van maken\u2014ergens mooi, rustig en vol charme?<\/p>\n\t\t<\/div>\n\t\t\n\t\t<a class=\"elementor-post__read-more\" href=\"https:\/\/chateau-guillermo.com\/fr\/familiebijeenkomst-in-frankrijk-beste-locaties-tips\/\" aria-label=\"En savoir plus sur Familiebijeenkomst in Frankrijk: Beste Locaties &amp; Tips\" tabindex=\"-1\" >\n\t\t\tLees mee\t\t<\/a>\n\n\t\t\t\t<\/div>\n\t\t\t\t<\/article>\n\t\t\t\t<\/div>\n\t\t\n\t\t\t\t\t\t<\/div>\n\t\t\t\t<\/div>\n\t\t\t\t\t<\/div>\n\t\t\t\t<\/div>\n\t\t\t\t<\/div>","protected":false},"excerpt":{"rendered":"<p>Bekijk beschikbaarheid BLOG<\/p>","protected":false},"author":1,"featured_media":0,"parent":0,"menu_order":4,"comment_status":"closed","ping_status":"closed","template":"elementor_header_footer","meta":{"_angie_page":false,"footnotes":""},"class_list":["post-19","page","type-page","status-publish","hentry"],"_links":{"self":[{"href":"https:\/\/chateau-guillermo.com\/fr\/wp-json\/wp\/v2\/pages\/19","targetHints":{"allow":["GET"]}}],"collection":[{"href":"https:\/\/chateau-guillermo.com\/fr\/wp-json\/wp\/v2\/pages"}],"about":[{"href":"https:\/\/chateau-guillermo.com\/fr\/wp-json\/wp\/v2\/types\/page"}],"author":[{"embeddable":true,"href":"https:\/\/chateau-guillermo.com\/fr\/wp-json\/wp\/v2\/users\/1"}],"replies":[{"embeddable":true,"href":"https:\/\/chateau-guillermo.com\/fr\/wp-json\/wp\/v2\/comments?post=19"}],"version-history":[{"count":3,"href":"https:\/\/chateau-guillermo.com\/fr\/wp-json\/wp\/v2\/pages\/19\/revisions"}],"predecessor-version":[{"id":2848,"href":"https:\/\/chateau-guillermo.com\/fr\/wp-json\/wp\/v2\/pages\/19\/revisions\/2848"}],"wp:attachment":[{"href":"https:\/\/chateau-guillermo.com\/fr\/wp-json\/wp\/v2\/media?parent=19"}],"curies":[{"name":"wp","href":"https:\/\/api.w.org\/{rel}","templated":true}]}}