{"id":391,"date":"2024-01-08T12:51:04","date_gmt":"2024-01-08T11:51:04","guid":{"rendered":"https:\/\/chateau-guillermo.com\/?page_id=391"},"modified":"2026-03-25T13:40:36","modified_gmt":"2026-03-25T12:40:36","slug":"over-ons","status":"publish","type":"page","link":"https:\/\/chateau-guillermo.com\/fr\/over-ons\/","title":{"rendered":"A propos de nous"},"content":{"rendered":"<div data-elementor-type=\"wp-page\" data-elementor-id=\"391\" class=\"elementor elementor-391\" data-elementor-post-type=\"page\">\n\t\t\t\t<div class=\"elementor-element elementor-element-f597846 e-flex e-con-boxed e-con e-parent\" data-id=\"f597846\" data-element_type=\"container\" data-e-type=\"container\" data-settings=\"{&quot;background_background&quot;:&quot;classic&quot;}\">\n\t\t\t\t\t<div class=\"e-con-inner\">\n\t\t\t\t<div class=\"elementor-element elementor-element-74be387 elementor-align-center elementor-hidden-mobile elementor-widget elementor-widget-button\" data-id=\"74be387\" data-element_type=\"widget\" data-e-type=\"widget\" data-widget_type=\"button.default\">\n\t\t\t\t<div class=\"elementor-widget-container\">\n\t\t\t\t\t\t\t\t\t<div class=\"elementor-button-wrapper\">\n\t\t\t\t\t<a class=\"elementor-button elementor-button-link elementor-size-sm\" href=\"https:\/\/chateau-guillermo.com\/fr\/boeken\/\">\n\t\t\t\t\t\t<span class=\"elementor-button-content-wrapper\">\n\t\t\t\t\t\t\t\t\t<span class=\"elementor-button-text\">V\u00e9rifier la disponibilit\u00e9<\/span>\n\t\t\t\t\t<\/span>\n\t\t\t\t\t<\/a>\n\t\t\t\t<\/div>\n\t\t\t\t\t\t\t\t<\/div>\n\t\t\t\t<\/div>\n\t\t\t\t\t<\/div>\n\t\t\t\t<\/div>\n\t\t<div class=\"elementor-element elementor-element-bc22ba4 e-flex e-con-boxed e-con e-parent\" data-id=\"bc22ba4\" data-element_type=\"container\" data-e-type=\"container\">\n\t\t\t\t\t<div class=\"e-con-inner\">\n\t\t<div class=\"elementor-element elementor-element-9ab5ebe e-flex e-con-boxed e-con e-child\" data-id=\"9ab5ebe\" data-element_type=\"container\" data-e-type=\"container\">\n\t\t\t\t\t<div class=\"e-con-inner\">\n\t\t\t\t<div class=\"elementor-element elementor-element-c239b85 elementor-widget elementor-widget-heading\" data-id=\"c239b85\" data-element_type=\"widget\" data-e-type=\"widget\" data-widget_type=\"heading.default\">\n\t\t\t\t<div class=\"elementor-widget-container\">\n\t\t\t\t\t<h1 class=\"elementor-heading-title elementor-size-default\">A propos de nous<\/h1>\t\t\t\t<\/div>\n\t\t\t\t<\/div>\n\t\t\t\t<div class=\"elementor-element elementor-element-082238e elementor-widget elementor-widget-text-editor\" data-id=\"082238e\" data-element_type=\"widget\" data-e-type=\"widget\" data-widget_type=\"text-editor.default\">\n\t\t\t\t<div class=\"elementor-widget-container\">\n\t\t\t\t\t\t\t\t\t<p><strong>Bonjour !<\/strong> Nous sommes Edel et Nathalie, un couple d'Anvers qui poursuit son r\u00eave : transformer un h\u00e9ritage familial dans le nord de la France en une maison de vacances unique. Le Ch\u00e2teau Guillermo, nomm\u00e9 d'apr\u00e8s le p\u00e8re d'Edel, est rempli de bons souvenirs. Avec passion, nous r\u00e9novons ce ch\u00e2teau pour le partager avec d'autres.<\/p><p>Nich\u00e9 dans la paisible campagne fran\u00e7aise, notre ch\u00e2teau est l'endroit id\u00e9al pour passer des moments inoubliables en famille et entre amis. En tant que parents de trois enfants, nous savons \u00e0 quel point ces souvenirs sont importants. En fait, notre histoire d'amour a commenc\u00e9 dans ces murs magiques.<\/p><p>La r\u00e9novation est un projet continu, chaque h\u00f4te contribuant \u00e0 redonner au ch\u00e2teau sa gloire d'antan. Votre s\u00e9jour contribue \u00e0 cette aventure et nous vous invitons \u00e0 venir d\u00e9couvrir la magie et la beaut\u00e9 du Ch\u00e2teau Guillermo.<\/p><p>Bienvenue chez nous !<\/p><p><!-- notionvc: be50ccbf-6b06-4e08-ae44-f5ac056a9da9 --><\/p>\t\t\t\t\t\t\t\t<\/div>\n\t\t\t\t<\/div>\n\t\t\t\t<div class=\"elementor-element elementor-element-16a06fc elementor-widget elementor-widget-image\" data-id=\"16a06fc\" data-element_type=\"widget\" data-e-type=\"widget\" data-widget_type=\"image.default\">\n\t\t\t\t<div class=\"elementor-widget-container\">\n\t\t\t\t\t\t\t\t\t\t\t\t\t\t\t<img fetchpriority=\"high\" decoding=\"async\" width=\"800\" height=\"192\" src=\"https:\/\/chateau-guillermo.com\/wp-content\/uploads\/2024\/10\/Signature-chateau-guillermo-kasteel-1-1024x246.jpg\" class=\"attachment-large size-large wp-image-1527\" alt=\"\" srcset=\"https:\/\/chateau-guillermo.com\/wp-content\/uploads\/2024\/10\/Signature-chateau-guillermo-kasteel-1-1024x246.jpg 1024w, https:\/\/chateau-guillermo.com\/wp-content\/uploads\/2024\/10\/Signature-chateau-guillermo-kasteel-1-300x72.jpg 300w, https:\/\/chateau-guillermo.com\/wp-content\/uploads\/2024\/10\/Signature-chateau-guillermo-kasteel-1-768x185.jpg 768w, https:\/\/chateau-guillermo.com\/wp-content\/uploads\/2024\/10\/Signature-chateau-guillermo-kasteel-1-1536x369.jpg 1536w, https:\/\/chateau-guillermo.com\/wp-content\/uploads\/2024\/10\/Signature-chateau-guillermo-kasteel-1-18x4.jpg 18w, https:\/\/chateau-guillermo.com\/wp-content\/uploads\/2024\/10\/Signature-chateau-guillermo-kasteel-1.jpg 2000w\" sizes=\"(max-width: 800px) 100vw, 800px\" \/>\t\t\t\t\t\t\t\t\t\t\t\t\t\t\t<\/div>\n\t\t\t\t<\/div>\n\t\t\t\t\t<\/div>\n\t\t\t\t<\/div>\n\t\t\t\t\t<\/div>\n\t\t\t\t<\/div>\n\t\t\t\t<\/div>","protected":false},"excerpt":{"rendered":"<p>Controleer beschikbaarheid Over ons Bonjour! Wij zijn Edel en Nathalie, een koppel uit Antwerpen dat zijn droom najaagt: een familie-erfgoed in Noord-Frankrijk omtoveren tot een uniek vakantiehuis. Ch\u00e2teau Guillermo, genoemd naar Edel\u2019s vader, zit vol dierbare herinneringen. Met passie renoveren we dit kasteel om het te delen met anderen. Ons kasteel, verscholen in het rustige [&hellip;]<\/p>\n","protected":false},"author":1,"featured_media":0,"parent":0,"menu_order":0,"comment_status":"closed","ping_status":"closed","template":"elementor_header_footer","meta":{"footnotes":""},"class_list":["post-391","page","type-page","status-publish","hentry"],"_links":{"self":[{"href":"https:\/\/chateau-guillermo.com\/fr\/wp-json\/wp\/v2\/pages\/391","targetHints":{"allow":["GET"]}}],"collection":[{"href":"https:\/\/chateau-guillermo.com\/fr\/wp-json\/wp\/v2\/pages"}],"about":[{"href":"https:\/\/chateau-guillermo.com\/fr\/wp-json\/wp\/v2\/types\/page"}],"author":[{"embeddable":true,"href":"https:\/\/chateau-guillermo.com\/fr\/wp-json\/wp\/v2\/users\/1"}],"replies":[{"embeddable":true,"href":"https:\/\/chateau-guillermo.com\/fr\/wp-json\/wp\/v2\/comments?post=391"}],"version-history":[{"count":3,"href":"https:\/\/chateau-guillermo.com\/fr\/wp-json\/wp\/v2\/pages\/391\/revisions"}],"predecessor-version":[{"id":2173,"href":"https:\/\/chateau-guillermo.com\/fr\/wp-json\/wp\/v2\/pages\/391\/revisions\/2173"}],"wp:attachment":[{"href":"https:\/\/chateau-guillermo.com\/fr\/wp-json\/wp\/v2\/media?parent=391"}],"curies":[{"name":"wp","href":"https:\/\/api.w.org\/{rel}","templated":true}]}}