{"id":86,"date":"2023-06-26T14:04:16","date_gmt":"2023-06-26T12:04:16","guid":{"rendered":"https:\/\/chateau-guillermo.com\/?page_id=86"},"modified":"2025-09-09T12:17:48","modified_gmt":"2025-09-09T10:17:48","slug":"privacybeleid","status":"publish","type":"page","link":"https:\/\/chateau-guillermo.com\/fr\/privacybeleid\/","title":{"rendered":"Politique de confidentialit\u00e9"},"content":{"rendered":"<div data-elementor-type=\"wp-page\" data-elementor-id=\"86\" class=\"elementor elementor-86\" data-elementor-post-type=\"page\">\n\t\t\t\t<div class=\"elementor-element elementor-element-238e095 e-flex e-con-boxed e-con e-parent\" data-id=\"238e095\" data-element_type=\"container\" data-e-type=\"container\" data-settings=\"{&quot;background_background&quot;:&quot;classic&quot;}\">\n\t\t\t\t\t<div class=\"e-con-inner\">\n\t\t\t\t\t<\/div>\n\t\t\t\t<\/div>\n\t\t<div class=\"elementor-element elementor-element-09f4a8f e-flex e-con-boxed e-con e-parent\" data-id=\"09f4a8f\" data-element_type=\"container\" data-e-type=\"container\">\n\t\t\t\t\t<div class=\"e-con-inner\">\n\t\t\t\t<div class=\"elementor-element elementor-element-a5aa60d elementor-widget elementor-widget-text-editor\" data-id=\"a5aa60d\" data-element_type=\"widget\" data-e-type=\"widget\" data-widget_type=\"text-editor.default\">\n\t\t\t\t<div class=\"elementor-widget-container\">\n\t\t\t\t\t\t\t\t\t<h2><b>Politique de confidentialit\u00e9<\/b><\/h2><p class=\"p3\"><b>Derni\u00e8re mise \u00e0 jour :<\/b><span class=\"s2\">\u00a005-09-2026<\/span><\/p><p class=\"p4\">Chez Ch\u00e2teau Guillermo, nous attachons une grande importance \u00e0 votre vie priv\u00e9e. Cette politique explique quelles donn\u00e9es nous collectons, pourquoi nous le faisons et quels sont vos droits.<\/p><h3><b>Qui est responsable ?<\/b><\/h3><p class=\"p4\">Ch\u00e2teau Guillermo \u2013 Van Riet Design SARL<\/p><p class=\"p4\">Villers-Cernay, Route de Rub\u00e9court, 08140 Bazeilles, Frankrijk<\/p><p class=\"p4\">E-mail: info@chateau-guillermo.com<\/p><h3><b>Quelles donn\u00e9es collectons-nous ?<\/b><\/h3><ul><li><p class=\"p1\">Nom, adresse, e-mail et num\u00e9ro de t\u00e9l\u00e9phone<\/p><\/li><li><p class=\"p1\">Donn\u00e9es de paiement et de facturation<\/p><\/li><li><p class=\"p1\">D\u00e9tails de r\u00e9servation (p\u00e9riode, nombre de personnes, pr\u00e9f\u00e9rences)<\/p><\/li><li><p class=\"p1\">Communications avec nous (e-mail, WhatsApp, t\u00e9l\u00e9phone)<\/p><\/li><li><p class=\"p1\">Donn\u00e9es de base lors de la visite du site (adresse IP, cookies)<\/p><\/li><\/ul><h3><b>Pourquoi collectons-nous ces donn\u00e9es ?<\/b><\/h3><p class=\"p4\">Nous utilisons vos donn\u00e9es pour :<\/p><ul><li><p class=\"p1\">G\u00e9rer correctement votre r\u00e9servation et votre s\u00e9jour<\/p><\/li><li><p class=\"p1\">Traiter les factures et paiements<\/p><\/li><li><p class=\"p1\">R\u00e9pondre \u00e0 vos questions<\/p><\/li><li><p class=\"p1\">Am\u00e9liorer nos services<\/p><\/li><li><p class=\"p1\">(Uniquement avec votre consentement) vous informer des actualit\u00e9s et offres<\/p><\/li><\/ul><h3><b>Avec qui partageons-nous vos donn\u00e9es ?<\/b><\/h3><p class=\"p4\">Uniquement avec les parties strictement n\u00e9cessaires :<\/p><ul><li><p class=\"p1\">Sites de r\u00e9servation (ex. Airbnb, Booking.com, Smoobu)<\/p><\/li><li><p class=\"p1\">Banques et prestataires de paiement<\/p><\/li><li><p class=\"p1\">Notre comptable<\/p><\/li><li><p class=\"p1\">Notre service de m\u00e9nage ou de conciergerie (informations de base uniquement)<\/p><\/li><\/ul><p class=\"p4\">Nous ne vendons jamais vos donn\u00e9es \u00e0 des tiers.<\/p><h3><b>Combien de temps conservons-nous vos donn\u00e9es ?<\/b><\/h3><ul><li><p class=\"p1\">Donn\u00e9es l\u00e9galement obligatoires (factures, paiements) : 7 ans<\/p><\/li><li><p class=\"p1\">Donn\u00e9es de r\u00e9servation et communications : max. 2 ans apr\u00e8s votre s\u00e9jour<\/p><p class=\"p1\">Elles sont ensuite supprim\u00e9es ou anonymis\u00e9es.<\/p><\/li><\/ul><h3><b>S\u00e9curit\u00e9<\/b><\/h3><p class=\"p4\">Vos donn\u00e9es sont en s\u00e9curit\u00e9 chez nous. Nous prenons des mesures techniques et organisationnelles appropri\u00e9es pour pr\u00e9venir toute perte, utilisation abusive ou acc\u00e8s non autoris\u00e9.<\/p><h3><b>Vos droits<\/b><\/h3><p class=\"p4\">Vous pouvez \u00e0 tout moment :<\/p><ul><li><p class=\"p1\">Demander l\u2019acc\u00e8s \u00e0 vos donn\u00e9es<\/p><\/li><li><p class=\"p1\">Faire corriger ou supprimer vos donn\u00e9es (dans la limite l\u00e9gale)<\/p><\/li><li><p class=\"p1\">Vous opposer au traitement<\/p><\/li><li><p class=\"p1\">Faire transf\u00e9rer vos donn\u00e9es (portabilit\u00e9 des donn\u00e9es)<\/p><\/li><\/ul><p class=\"p4\">Vous pouvez simplement envoyer votre demande \u00e0 info@chateau-guillermo.com<\/p><h3><b>Cookies<\/b><\/h3><p class=\"p4\">Notre site utilise uniquement des cookies fonctionnels et \u2013 si vous y consentez \u2013 des cookies analytiques. Vous pouvez g\u00e9rer vos pr\u00e9f\u00e9rences via votre navigateur.<\/p><h3><b>Droit applicable<\/b><\/h3><p class=\"p4\">La pr\u00e9sente politique est soumise au droit fran\u00e7ais. En cas de litige, le tribunal comp\u00e9tent est celui de France.<\/p>\t\t\t\t\t\t\t\t<\/div>\n\t\t\t\t<\/div>\n\t\t\t\t\t<\/div>\n\t\t\t\t<\/div>\n\t\t\t\t<\/div>","protected":false},"excerpt":{"rendered":"<p>Privacybeleid Laatst bijgewerkt:\u00a005-09-2026 Bij Ch\u00e2teau Guillermo hechten we veel belang aan uw privacy. In dit beleid leest u welke gegevens we verzamelen, waarom we dat doen en welke rechten u heeft. Wie is verantwoordelijk? Ch\u00e2teau Guillermo \u2013 Van Riet Design SARL Villers-Cernay, Route de Rub\u00e9court, 08140 Bazeilles, Frankrijk E-mail: info@chateau-guillermo.com Welke gegevens verzamelen we? Naam, [&hellip;]<\/p>\n","protected":false},"author":1,"featured_media":0,"parent":0,"menu_order":3,"comment_status":"closed","ping_status":"closed","template":"elementor_header_footer","meta":{"footnotes":""},"class_list":["post-86","page","type-page","status-publish","hentry"],"_links":{"self":[{"href":"https:\/\/chateau-guillermo.com\/fr\/wp-json\/wp\/v2\/pages\/86","targetHints":{"allow":["GET"]}}],"collection":[{"href":"https:\/\/chateau-guillermo.com\/fr\/wp-json\/wp\/v2\/pages"}],"about":[{"href":"https:\/\/chateau-guillermo.com\/fr\/wp-json\/wp\/v2\/types\/page"}],"author":[{"embeddable":true,"href":"https:\/\/chateau-guillermo.com\/fr\/wp-json\/wp\/v2\/users\/1"}],"replies":[{"embeddable":true,"href":"https:\/\/chateau-guillermo.com\/fr\/wp-json\/wp\/v2\/comments?post=86"}],"version-history":[{"count":9,"href":"https:\/\/chateau-guillermo.com\/fr\/wp-json\/wp\/v2\/pages\/86\/revisions"}],"predecessor-version":[{"id":1949,"href":"https:\/\/chateau-guillermo.com\/fr\/wp-json\/wp\/v2\/pages\/86\/revisions\/1949"}],"wp:attachment":[{"href":"https:\/\/chateau-guillermo.com\/fr\/wp-json\/wp\/v2\/media?parent=86"}],"curies":[{"name":"wp","href":"https:\/\/api.w.org\/{rel}","templated":true}]}}